{"id":1156,"date":"2023-02-08T10:39:47","date_gmt":"2023-02-08T10:39:47","guid":{"rendered":"https:\/\/suri.epfl.ch\/?page_id=1156"},"modified":"2025-06-12T07:08:48","modified_gmt":"2025-06-12T07:08:48","slug":"home-2","status":"publish","type":"page","link":"https:\/\/suri.epfl.ch\/","title":{"rendered":"SuRI&#8217;25"},"content":{"rendered":"\n<figure class=\"wp-block-image alignfull size-full has-custom-border bigImage\" id=\"start\"><img loading=\"lazy\" decoding=\"async\" width=\"1800\" height=\"628\" src=\"https:\/\/suri.epfl.ch\/wp-content\/uploads\/2025\/03\/epfl-aerial.jpg\" alt=\"\" class=\"wp-image-1158\" style=\"border-style:none;border-width:0px;border-radius:0px\" srcset=\"https:\/\/suri.epfl.ch\/wp-content\/uploads\/2025\/03\/epfl-aerial.jpg 1800w, https:\/\/suri.epfl.ch\/wp-content\/uploads\/2025\/03\/epfl-aerial-300x105.jpg 300w, https:\/\/suri.epfl.ch\/wp-content\/uploads\/2025\/03\/epfl-aerial-1024x357.jpg 1024w, https:\/\/suri.epfl.ch\/wp-content\/uploads\/2025\/03\/epfl-aerial-768x268.jpg 768w, https:\/\/suri.epfl.ch\/wp-content\/uploads\/2025\/03\/epfl-aerial-1536x536.jpg 1536w, https:\/\/suri.epfl.ch\/wp-content\/uploads\/2025\/03\/epfl-aerial-1140x398.jpg 1140w\" sizes=\"auto, (max-width: 1800px) 100vw, 1800px\" \/><\/figure>\n\n\n\n<header class=\"wp-block-group alignwide is-layout-constrained wp-block-group-is-layout-constrained\" style=\"padding-top:var(--wp--preset--spacing--60)\">\n<h4 class=\"wp-block-heading has-text-align-center is-style-default\">EPFL School of Computer and Communication Sciences<\/h4>\n\n\n\n<h1 class=\"wp-block-heading has-text-align-center is-style-default\">Summer Research Institute 2025<\/h1>\n\n\n\n<h4 class=\"wp-block-heading has-text-align-center\">on Security, Systems, and Formal Methods<\/h4>\n\n\n\n<p class=\"has-text-align-center\">June 12th and June 13th 2025<\/p>\n<\/header>\n\n\n\n<div id=\"overview\" class=\"wp-block-group is-layout-constrained wp-block-group-is-layout-constrained\">\n<h2 class=\"wp-block-heading has-text-align-center\">Overview<\/h2>\n\n\n\n<p class=\"has-text-align-center is-style-default\">The&nbsp;<strong>Research Institute (SuRI)<\/strong>&nbsp;is an annual event that takes place at the&nbsp;<a href=\"https:\/\/www.epfl.ch\/schools\/ic\/\">School of Computer and Communication Sciences<\/a>&nbsp;of the&nbsp;<a href=\"https:\/\/www.epfl.ch\/fr\/\">\u00c9cole polytechnique f\u00e9d\u00e9rale de Lausanne<\/a>, Switzerland. The workshop brings together researchers and experts from academia and industry for research talks and informal discussions.<\/p>\n\n\n\n<p class=\"has-text-align-center\">The event is&nbsp;<strong>open to everyone<\/strong>&nbsp;and attendance is&nbsp;<strong>free of charge<\/strong>. <br>Attending SuRI 2025 requires a registration (which is full) but you can still subscribe to the waiting list and we will inform you if any slots open up. Registration covers attendance, dinner on the first day along with all coffee breaks and lunches.<\/p>\n\n\n\n<div class=\"wp-block-buttons is-vertical is-content-justification-center is-layout-flex wp-container-core-buttons-is-layout-823dd1b6 wp-block-buttons-is-layout-flex\" id=\"registration\" style=\"margin-top:var(--wp--preset--spacing--30);margin-bottom:var(--wp--preset--spacing--30)\">\n<div class=\"wp-block-button is-style-outline is-style-outline--1\"><a class=\"wp-block-button__link has-font-color has-background-background-color has-text-color has-background has-link-color wp-element-button\" style=\"border-style:solid;border-width:1px\">Registration is closed<\/a><\/div>\n\n\n\n<div class=\"wp-block-button is-style-outline is-style-outline--2\"><a class=\"wp-block-button__link has-font-color has-background-background-color has-text-color has-background has-link-color wp-element-button\" style=\"border-width:1px\">Fellowship applications are closed<\/a><\/div>\n<\/div>\n\n\n\n<p class=\"has-text-align-center\" style=\"margin-bottom:var(--wp--preset--spacing--60)\"><\/p>\n<\/div>\n\n\n\n<div class=\"wp-block-group alignfull is-layout-constrained wp-container-core-group-is-layout-01938732 wp-block-group-is-layout-constrained\" style=\"padding-top:var(--wp--preset--spacing--80);padding-right:0;padding-bottom:var(--wp--preset--spacing--80);padding-left:0\">\n<h2 class=\"wp-block-heading has-text-align-center\">Detailed Program<\/h2>\n\n\n\n<p class=\"has-text-align-center has-dark-muted-color has-text-color has-link-color has-normal-font-size wp-elements-e553cfd32aaa284fd358e71f1f35286a\">Room location: BC Building\/ BC 05<\/p>\n\n\n\n<h3 class=\"wp-block-heading has-text-align-center\">Thursday, June 12th<\/h3>\n\n\n\n<div class=\"wp-block-group is-layout-constrained wp-container-core-group-is-layout-3c78eaea wp-block-group-is-layout-constrained\">\n<figure class=\"wp-block-table is-style-stripes\"><table><tbody><tr><td>8:30 &#8211; 9:00<\/td><td>Welcome coffee \u2615<\/td><td><\/td><\/tr><tr><td><\/td><td><strong>Session: In Data We Trust<\/strong><\/td><td><\/td><\/tr><tr><td>9:00 &#8211; 10:00<\/td><td>Scaling Decentralized Trust with Databases (Natacha Crooks)<\/td><td><\/td><\/tr><tr><td>10:00 &#8211; 10:30<\/td><td>\u2615 BREAK<\/td><td><\/td><\/tr><tr><td><\/td><td><strong>Session: Proof in Practice: Verifying the Stack<\/strong><\/td><td><\/td><\/tr><tr><td>10:30 &#8211; 11:30<\/td><td>Runtime Verification of Distributed Systems (Aurojit Panda)<\/td><td><\/td><\/tr><tr><td>11:30 &#8211; 12:30<\/td><td>Design and Formal Verification of Hardware-Software Security Contracts (Caroline Trippel)<\/td><td><\/td><\/tr><tr><td>12:30 &#8211; 13:30<\/td><td>LUNCH and \u2615<\/td><td><\/td><\/tr><tr><td><\/td><td><strong>Session: Mentoring<\/strong><\/td><td><\/td><\/tr><tr><td>13:30 &#8211; 15:00<\/td><td>Speed Mentoring<\/td><td><\/td><\/tr><tr><td><\/td><td><strong>Session: Silicon Shields &#8212; Securing Through Hardware<\/strong><\/td><td><\/td><\/tr><tr><td>15:00 &#8211; 16:00<\/td><td>Improving Cloud Security with Hardware Memory Capabilities (Peter Pietzuch)<\/td><td><\/td><\/tr><tr><td>16:00 &#8211; 17:00<\/td><td>Hardware-software co-designs for microarchitectural security (Lesly-Ann Daniel)<\/td><td><\/td><\/tr><tr><td>17:00 &#8211; 18:30<\/td><td>Poster session and drinks<\/td><td><\/td><\/tr><tr><td>from 18:30<\/td><td>Swiss dinner at PUUR<\/td><td><\/td><\/tr><\/tbody><\/table><\/figure>\n<\/div>\n\n\n\n<h3 class=\"wp-block-heading has-text-align-center\">Friday, June 13th<\/h3>\n\n\n\n<div class=\"wp-block-group is-layout-constrained wp-container-core-group-is-layout-3c78eaea wp-block-group-is-layout-constrained\">\n<figure class=\"wp-block-table is-style-stripes\"><table><tbody><tr><td>8:30 &#8211; 9:00<\/td><td>Morning coffee<\/td><td><\/td><\/tr><tr><td><\/td><td><strong>Session: SecOps, Meet AI &#8212; Towards Autonomous Defense<\/strong><\/td><td><\/td><\/tr><tr><td>9:00 &#8211; 10:00<\/td><td>Enabling AI-based Autonomous Security Operations (Vyas Sekar)<\/td><td><\/td><\/tr><tr><td>10:00 &#8211; 10:30<\/td><td>\u2615 BREAK<\/td><td><\/td><\/tr><tr><td><\/td><td><strong>Session: Embedded Intelligence: Securing the Edge<\/strong><\/td><td><\/td><\/tr><tr><td>10:30 &#8211; 11:30<\/td><td>The future of mobile cellular connectivity is programmable (Bozidar Radunovic)<\/td><td><\/td><\/tr><tr><td>11:30 &#8211; 12:30<\/td><td>Provable Execution in Real-Time Embedded Systems (Ivan De Oliveira Nunes)<\/td><td><\/td><\/tr><tr><td>12:30 &#8211; 13:30<\/td><td>LUNCH and \u2615<\/td><td><\/td><\/tr><tr><td><\/td><td><strong>Session: Cloud Control &#8212; Building Reliable, Elastic Systems<\/strong><\/td><td><\/td><\/tr><tr><td>13:30 &#8211; 14:30<\/td><td>Software Reliability in Emerging Cloud Computing Paradigms (Tianyin Xu)<\/td><td><\/td><\/tr><tr><td>14:30 &#8211; 15:30<\/td><td>Rethinking Cloud System Software and Abstractions for True Elasticity in the Cloud-Native Era (Ana Klimovic)<\/td><td><\/td><\/tr><tr><td>from 15:30<\/td><td>Coffee and optional social event<\/td><td><\/td><\/tr><\/tbody><\/table><\/figure>\n\n\n\n<p><\/p>\n<\/div>\n\n\n\n<h2 class=\"wp-block-heading has-text-align-center\">Invited Speakers<\/h2>\n\n\n\n<figure class=\"wp-block-gallery has-nested-images columns-default is-cropped wp-block-gallery-3 is-layout-flex wp-block-gallery-is-layout-flex\">\n<figure class=\"wp-block-image size-full\"><img loading=\"lazy\" decoding=\"async\" width=\"800\" height=\"890\" data-id=\"1163\" src=\"https:\/\/suri.epfl.ch\/wp-content\/uploads\/2025\/03\/anaklimovic_photo_800_890.bfc4b113.jpg\" alt=\"\" class=\"wp-image-1163\" srcset=\"https:\/\/suri.epfl.ch\/wp-content\/uploads\/2025\/03\/anaklimovic_photo_800_890.bfc4b113.jpg 800w, https:\/\/suri.epfl.ch\/wp-content\/uploads\/2025\/03\/anaklimovic_photo_800_890.bfc4b113-270x300.jpg 270w, https:\/\/suri.epfl.ch\/wp-content\/uploads\/2025\/03\/anaklimovic_photo_800_890.bfc4b113-768x854.jpg 768w, https:\/\/suri.epfl.ch\/wp-content\/uploads\/2025\/03\/anaklimovic_photo_800_890.bfc4b113-769x855.jpg 769w\" sizes=\"auto, (max-width: 800px) 100vw, 800px\" \/><figcaption class=\"wp-element-caption\">Ana Klimovic (ETH Zurich)<\/figcaption><\/figure>\n\n\n\n<figure class=\"wp-block-image size-full\"><img loading=\"lazy\" decoding=\"async\" width=\"768\" height=\"789\" data-id=\"1198\" src=\"https:\/\/suri.epfl.ch\/wp-content\/uploads\/2025\/04\/aurojit.png\" alt=\"\" class=\"wp-image-1198\" srcset=\"https:\/\/suri.epfl.ch\/wp-content\/uploads\/2025\/04\/aurojit.png 768w, https:\/\/suri.epfl.ch\/wp-content\/uploads\/2025\/04\/aurojit-292x300.png 292w\" sizes=\"auto, (max-width: 768px) 100vw, 768px\" \/><figcaption class=\"wp-element-caption\">Aurojit Panda (NYU)<\/figcaption><\/figure>\n\n\n\n<figure class=\"wp-block-image size-full\"><img loading=\"lazy\" decoding=\"async\" width=\"180\" height=\"180\" data-id=\"1165\" src=\"https:\/\/suri.epfl.ch\/wp-content\/uploads\/2025\/03\/bozidar.jpg\" alt=\"\" class=\"wp-image-1165\" srcset=\"https:\/\/suri.epfl.ch\/wp-content\/uploads\/2025\/03\/bozidar.jpg 180w, https:\/\/suri.epfl.ch\/wp-content\/uploads\/2025\/03\/bozidar-150x150.jpg 150w\" sizes=\"auto, (max-width: 180px) 100vw, 180px\" \/><figcaption class=\"wp-element-caption\">Bozidar Radunovic (MSR UK)<\/figcaption><\/figure>\n\n\n\n<figure class=\"wp-block-image size-full\"><img loading=\"lazy\" decoding=\"async\" width=\"1365\" height=\"2048\" data-id=\"1168\" src=\"https:\/\/suri.epfl.ch\/wp-content\/uploads\/2025\/03\/caroline-2.jpg\" alt=\"\" class=\"wp-image-1168\" srcset=\"https:\/\/suri.epfl.ch\/wp-content\/uploads\/2025\/03\/caroline-2.jpg 1365w, https:\/\/suri.epfl.ch\/wp-content\/uploads\/2025\/03\/caroline-2-200x300.jpg 200w, https:\/\/suri.epfl.ch\/wp-content\/uploads\/2025\/03\/caroline-2-683x1024.jpg 683w, https:\/\/suri.epfl.ch\/wp-content\/uploads\/2025\/03\/caroline-2-768x1152.jpg 768w, https:\/\/suri.epfl.ch\/wp-content\/uploads\/2025\/03\/caroline-2-1024x1536.jpg 1024w, https:\/\/suri.epfl.ch\/wp-content\/uploads\/2025\/03\/caroline-2-570x855.jpg 570w\" sizes=\"auto, (max-width: 1365px) 100vw, 1365px\" \/><figcaption class=\"wp-element-caption\">Caroline Trippel (Stanford)<\/figcaption><\/figure>\n\n\n\n<figure class=\"wp-block-image size-full\"><img loading=\"lazy\" decoding=\"async\" width=\"507\" height=\"596\" data-id=\"1169\" src=\"https:\/\/suri.epfl.ch\/wp-content\/uploads\/2025\/03\/ivan.png\" alt=\"\" class=\"wp-image-1169\" srcset=\"https:\/\/suri.epfl.ch\/wp-content\/uploads\/2025\/03\/ivan.png 507w, https:\/\/suri.epfl.ch\/wp-content\/uploads\/2025\/03\/ivan-255x300.png 255w\" sizes=\"auto, (max-width: 507px) 100vw, 507px\" \/><figcaption class=\"wp-element-caption\">Ivan De Oliveira Nunes (Uni Z\u00fcrich)<\/figcaption><\/figure>\n\n\n\n<figure class=\"wp-block-image size-full\"><img loading=\"lazy\" decoding=\"async\" width=\"800\" height=\"800\" data-id=\"1170\" src=\"https:\/\/suri.epfl.ch\/wp-content\/uploads\/2025\/03\/lesly-ann.png\" alt=\"\" class=\"wp-image-1170\" srcset=\"https:\/\/suri.epfl.ch\/wp-content\/uploads\/2025\/03\/lesly-ann.png 800w, https:\/\/suri.epfl.ch\/wp-content\/uploads\/2025\/03\/lesly-ann-300x300.png 300w, https:\/\/suri.epfl.ch\/wp-content\/uploads\/2025\/03\/lesly-ann-150x150.png 150w, https:\/\/suri.epfl.ch\/wp-content\/uploads\/2025\/03\/lesly-ann-768x768.png 768w\" sizes=\"auto, (max-width: 800px) 100vw, 800px\" \/><figcaption class=\"wp-element-caption\">Lesly-Ann Daniel (KU Leuven)<\/figcaption><\/figure>\n\n\n\n<figure class=\"wp-block-image size-full\"><img loading=\"lazy\" decoding=\"async\" width=\"1698\" height=\"2560\" data-id=\"1162\" src=\"https:\/\/suri.epfl.ch\/wp-content\/uploads\/2025\/03\/natacha_crooks-scaled.jpg\" alt=\"\" class=\"wp-image-1162\" srcset=\"https:\/\/suri.epfl.ch\/wp-content\/uploads\/2025\/03\/natacha_crooks-scaled.jpg 1698w, https:\/\/suri.epfl.ch\/wp-content\/uploads\/2025\/03\/natacha_crooks-199x300.jpg 199w, https:\/\/suri.epfl.ch\/wp-content\/uploads\/2025\/03\/natacha_crooks-679x1024.jpg 679w, https:\/\/suri.epfl.ch\/wp-content\/uploads\/2025\/03\/natacha_crooks-768x1158.jpg 768w, https:\/\/suri.epfl.ch\/wp-content\/uploads\/2025\/03\/natacha_crooks-1019x1536.jpg 1019w, https:\/\/suri.epfl.ch\/wp-content\/uploads\/2025\/03\/natacha_crooks-1358x2048.jpg 1358w, https:\/\/suri.epfl.ch\/wp-content\/uploads\/2025\/03\/natacha_crooks-567x855.jpg 567w\" sizes=\"auto, (max-width: 1698px) 100vw, 1698px\" \/><figcaption class=\"wp-element-caption\">Natacha Crooks (UC Berkeley)<\/figcaption><\/figure>\n\n\n\n<figure class=\"wp-block-image size-full\"><img loading=\"lazy\" decoding=\"async\" width=\"428\" height=\"571\" data-id=\"1202\" src=\"https:\/\/suri.epfl.ch\/wp-content\/uploads\/2025\/04\/peter.jpg\" alt=\"\" class=\"wp-image-1202\" srcset=\"https:\/\/suri.epfl.ch\/wp-content\/uploads\/2025\/04\/peter.jpg 428w, https:\/\/suri.epfl.ch\/wp-content\/uploads\/2025\/04\/peter-225x300.jpg 225w\" sizes=\"auto, (max-width: 428px) 100vw, 428px\" \/><figcaption class=\"wp-element-caption\">Peter Pietzuch (Imperial)<\/figcaption><\/figure>\n\n\n\n<figure class=\"wp-block-image size-full\"><img loading=\"lazy\" decoding=\"async\" width=\"227\" height=\"217\" data-id=\"1171\" src=\"https:\/\/suri.epfl.ch\/wp-content\/uploads\/2025\/03\/tianyin.jpg\" alt=\"\" class=\"wp-image-1171\"\/><figcaption class=\"wp-element-caption\">Tianyin Xu (UIUIC)<\/figcaption><\/figure>\n\n\n\n<figure class=\"wp-block-image size-large\"><img loading=\"lazy\" decoding=\"async\" width=\"480\" height=\"424\" data-id=\"1172\" src=\"https:\/\/suri.epfl.ch\/wp-content\/uploads\/2025\/03\/vyas.webp\" alt=\"\" class=\"wp-image-1172\"\/><figcaption class=\"wp-element-caption\">Vyas Sekar (CMU)<\/figcaption><\/figure>\n<\/figure>\n<\/div>\n\n\n\n<div class=\"wp-block-group alignfull has-background is-layout-constrained wp-container-core-group-is-layout-01938732 wp-block-group-is-layout-constrained\" id=\"organizers\" style=\"background-color:#f5fafa;padding-top:var(--wp--preset--spacing--80);padding-right:0;padding-bottom:var(--wp--preset--spacing--80);padding-left:0\">\n<h2 class=\"wp-block-heading has-text-align-center\">Organizers and Sponsors<\/h2>\n\n\n\n<figure class=\"wp-block-gallery has-nested-images columns-6 is-cropped wp-block-gallery-4 is-layout-flex wp-block-gallery-is-layout-flex\">\n<figure class=\"wp-block-image size-exs-square\"><img loading=\"lazy\" decoding=\"async\" width=\"614\" height=\"800\" data-id=\"1174\" src=\"https:\/\/suri.epfl.ch\/wp-content\/uploads\/2025\/03\/clement-614x800.jpg\" alt=\"\" class=\"wp-image-1174\"\/><figcaption class=\"wp-element-caption\">Cl\u00e9ment Pit-Claudel (<a href=\"https:\/\/systemf.epfl.ch\/\">SystemF<\/a>)<\/figcaption><\/figure>\n\n\n\n<figure class=\"wp-block-image size-exs-square\"><img loading=\"lazy\" decoding=\"async\" width=\"800\" height=\"800\" data-id=\"1176\" src=\"https:\/\/suri.epfl.ch\/wp-content\/uploads\/2025\/03\/haitham-800x800.jpg\" alt=\"\" class=\"wp-image-1176\" srcset=\"https:\/\/suri.epfl.ch\/wp-content\/uploads\/2025\/03\/haitham-800x800.jpg 800w, https:\/\/suri.epfl.ch\/wp-content\/uploads\/2025\/03\/haitham-150x150.jpg 150w\" sizes=\"auto, (max-width: 800px) 100vw, 800px\" \/><figcaption class=\"wp-element-caption\">Haitham Al Hassanieh (<a href=\"https:\/\/sens.epfl.ch\/\">SENS<\/a>)<\/figcaption><\/figure>\n\n\n\n<figure class=\"wp-block-image size-exs-square\"><img loading=\"lazy\" decoding=\"async\" width=\"800\" height=\"800\" data-id=\"1159\" src=\"https:\/\/suri.epfl.ch\/wp-content\/uploads\/2025\/03\/image-1-800x800.jpeg\" alt=\"\" class=\"wp-image-1159\" srcset=\"https:\/\/suri.epfl.ch\/wp-content\/uploads\/2025\/03\/image-1-800x800.jpeg 800w, https:\/\/suri.epfl.ch\/wp-content\/uploads\/2025\/03\/image-1-300x300.jpeg 300w, https:\/\/suri.epfl.ch\/wp-content\/uploads\/2025\/03\/image-1-1024x1024.jpeg 1024w, https:\/\/suri.epfl.ch\/wp-content\/uploads\/2025\/03\/image-1-150x150.jpeg 150w, https:\/\/suri.epfl.ch\/wp-content\/uploads\/2025\/03\/image-1-768x768.jpeg 768w, https:\/\/suri.epfl.ch\/wp-content\/uploads\/2025\/03\/image-1-855x855.jpeg 855w, https:\/\/suri.epfl.ch\/wp-content\/uploads\/2025\/03\/image-1.jpeg 1245w\" sizes=\"auto, (max-width: 800px) 100vw, 800px\" \/><figcaption class=\"wp-element-caption\">Mathias Payer (<a href=\"https:\/\/hexhive.epfl.ch\/\">HexHive<\/a>)<\/figcaption><\/figure>\n\n\n\n<figure class=\"wp-block-image size-thumbnail\"><img loading=\"lazy\" decoding=\"async\" width=\"150\" height=\"150\" data-id=\"1177\" src=\"https:\/\/suri.epfl.ch\/wp-content\/uploads\/2025\/03\/sanidhya-150x150.jpg\" alt=\"\" class=\"wp-image-1177\"\/><figcaption class=\"wp-element-caption\">Sanidhya Kashyap (<a href=\"https:\/\/rs3lab.github.io\/\">RS3Lab<\/a>)<\/figcaption><\/figure>\n\n\n\n<figure class=\"wp-block-image size-exs-square\"><img loading=\"lazy\" decoding=\"async\" width=\"800\" height=\"800\" data-id=\"1178\" src=\"https:\/\/suri.epfl.ch\/wp-content\/uploads\/2025\/03\/thomas-800x800.jpg\" alt=\"\" class=\"wp-image-1178\" srcset=\"https:\/\/suri.epfl.ch\/wp-content\/uploads\/2025\/03\/thomas-800x800.jpg 800w, https:\/\/suri.epfl.ch\/wp-content\/uploads\/2025\/03\/thomas-300x300.jpg 300w, https:\/\/suri.epfl.ch\/wp-content\/uploads\/2025\/03\/thomas-150x150.jpg 150w, https:\/\/suri.epfl.ch\/wp-content\/uploads\/2025\/03\/thomas-768x768.jpg 768w, https:\/\/suri.epfl.ch\/wp-content\/uploads\/2025\/03\/thomas.jpg 850w\" sizes=\"auto, (max-width: 800px) 100vw, 800px\" \/><figcaption class=\"wp-element-caption\">Thomas Bourgeat (<a href=\"https:\/\/vca.epfl.ch\/\">VCA<\/a>)<\/figcaption><\/figure>\n<\/figure>\n\n\n\n<p><\/p>\n\n\n\n<p>In addition, SuRI is generously sponsored by the <a href=\"https:\/\/ic.epfl.ch\/\">IC deans office<\/a> and the <a href=\"https:\/\/c4dt.epfl.ch\/\">Center for Digital Trust (C4DT)<\/a>.<\/p>\n\n\n\n<figure class=\"wp-block-gallery has-nested-images columns-default is-cropped wp-block-gallery-5 is-layout-flex wp-block-gallery-is-layout-flex\">\n<figure class=\"wp-block-image size-large\"><img loading=\"lazy\" decoding=\"async\" width=\"1024\" height=\"576\" data-id=\"1242\" src=\"https:\/\/suri.epfl.ch\/wp-content\/uploads\/2025\/06\/ic-1024x576.jpg\" alt=\"\" class=\"wp-image-1242\" srcset=\"https:\/\/suri.epfl.ch\/wp-content\/uploads\/2025\/06\/ic-1024x576.jpg 1024w, https:\/\/suri.epfl.ch\/wp-content\/uploads\/2025\/06\/ic-300x169.jpg 300w, https:\/\/suri.epfl.ch\/wp-content\/uploads\/2025\/06\/ic-768x432.jpg 768w, https:\/\/suri.epfl.ch\/wp-content\/uploads\/2025\/06\/ic-1140x641.jpg 1140w, https:\/\/suri.epfl.ch\/wp-content\/uploads\/2025\/06\/ic.jpg 1536w\" sizes=\"auto, (max-width: 1024px) 100vw, 1024px\" \/><\/figure>\n\n\n\n<figure class=\"wp-block-image size-large\"><img loading=\"lazy\" decoding=\"async\" width=\"297\" height=\"127\" data-id=\"1241\" src=\"https:\/\/suri.epfl.ch\/wp-content\/uploads\/2025\/06\/C4DT.png\" alt=\"\" class=\"wp-image-1241\"\/><\/figure>\n<\/figure>\n<\/div>\n\n\n\n<div class=\"wp-block-group alignfull has-background-background-color has-background is-layout-constrained wp-block-group-is-layout-constrained\" id=\"directions\">\n<h2 class=\"wp-block-heading has-text-align-center\">Directions<\/h2>\n\n\n\n<p class=\"has-text-align-center\">If you&#8217;re flying in,&nbsp;<a href=\"http:\/\/www.gva.ch\/en\/desktopdefault.aspx\">Gen\u00e8ve-Cointrin<\/a>&nbsp;is the nearest international airport. By train, it takes ~45 minutes to reach Lausanne. Z\u00fcrich Airport is about ~2.5 hours away by train. To get information on train schedules, please see the&nbsp;<a href=\"https:\/\/www.sbb.ch\/en\/\">Swiss Rail website<\/a>.<\/p>\n\n\n\n<p class=\"has-text-align-center\">To reach the SuRI venue( BC building &#8211; room BC 05)  from the EPFL M1 metro station, please check the map below.<\/p>\n\n\n\n<iframe loading=\"lazy\" src=\"https:\/\/map.geo.admin.ch\/embed.html?lang=en&amp;topic=ech&amp;bgLayer=ch.swisstopo.swissimage&amp;layers=ch.swisstopo.zeitreihen,ch.bfs.gebaeude_wohnungs_register,ch.bav.haltestellen-oev,ch.swisstopo.swisstlm3d-wanderwege,ch.astra.wanderland-sperrungen_umleitungen,KML%7C%7Chttps:%2F%2Fpublic.geo.admin.ch%2Fapi%2Fkml%2Ffiles%2FufptCpQrSi-6OFcKPJkT7A&amp;layers_opacity=1,1,1,0.8,0.8,1&amp;layers_visibility=false,false,false,false,false,true&amp;layers_timestamp=18641231,,,,,&amp;E=2533059.60&amp;N=1152417.28&amp;zoom=10\" width=\"75%\" height=\"600px\" frameborder=\"0\" style=\"border:0; justify-content: center;\" allow=\"geolocation\" class=\"map\"><\/iframe>\n<\/div>\n\n\n\n<div class=\"wp-block-group alignfull is-layout-constrained wp-container-core-group-is-layout-2ca00496 wp-block-group-is-layout-constrained\" id=\"archive\" style=\"padding-top:var(--wp--preset--spacing--60);padding-right:var(--wp--preset--spacing--60);padding-bottom:var(--wp--preset--spacing--60);padding-left:var(--wp--preset--spacing--60)\">\n<h2 class=\"wp-block-heading has-text-align-center\">Archives<\/h2>\n\n\n\n<p class=\"has-text-align-center\">EPFL&#8217;s Summer Research Institute has a long and successful history. For more information on past editions of the event refer to the links below.<\/p>\n\n\n\n<p class=\"has-text-align-center\"><a href=\"https:\/\/suri.epfl.ch\/?page_id=88\" data-type=\"page\" data-id=\"988\">2024 <\/a>&#8211;<a href=\"\/wp-content\/oldsite\/2023\/index.html\"> 2023<\/a> &#8211; <a href=\"\/wp-content\/oldsite\/2022\/index.html\" data-type=\"link\" data-id=\"\/wp-content\/oldsite\/2022\/index.html\">2022<\/a>&nbsp;&#8211;&nbsp;<a href=\"\/wp-content\/oldsite\/2020\/index.html\" data-type=\"link\" data-id=\"\/wp-content\/oldsite\/2020\/index.html\">2020<\/a>&nbsp;&#8211;&nbsp;<a href=\"\/wp-content\/oldsite\/2019\/index.html\" data-type=\"link\" data-id=\"\/wp-content\/oldsite\/2019\/index.html\">2019<\/a>&nbsp;&#8211;&nbsp;<a href=\"\/wp-content\/oldsite\/2018\/index.html\" data-type=\"link\" data-id=\"\/wp-content\/oldsite\/2018\/index.html\">2018<\/a>&nbsp;&#8211;&nbsp;<a href=\"\/wp-content\/oldsite\/2017\/index.html\" data-type=\"link\" data-id=\"\/wp-content\/oldsite\/2017\/index.html\">2017<\/a>&nbsp;&#8211;&nbsp;<a href=\"http:\/\/suri-past.epfl.ch\/start\">2016<\/a>&nbsp;&#8211;&nbsp;<a href=\"http:\/\/suri-past.epfl.ch\/past\/2015\">2015<\/a>&nbsp;&#8211;&nbsp;<a href=\"http:\/\/suri-past.epfl.ch\/past\/2014\">2014<\/a>&nbsp;&#8211;&nbsp;<a href=\"http:\/\/suri-past.epfl.ch\/past\/2013\">2013<\/a>&nbsp;&#8211;&nbsp;<a href=\"http:\/\/suri-past.epfl.ch\/past\/2012\">2012<\/a>&nbsp;&#8211;&nbsp;<a href=\"http:\/\/suri-past.epfl.ch\/past\/2011\">2011<\/a>&nbsp;&#8211;&nbsp;<a href=\"http:\/\/suri-past.epfl.ch\/past\/2010\">2010<\/a>&nbsp;&#8211;&nbsp;<a href=\"http:\/\/suri-past.epfl.ch\/past\/2009\">2009<\/a> &#8211; <a href=\"http:\/\/suri-past.epfl.ch\/past\/2008\">2008<\/a>&nbsp;&#8211;&nbsp;<a href=\"http:\/\/suri-past.epfl.ch\/past\/2007\">2007<\/a>&nbsp;&#8211;&nbsp;<a href=\"http:\/\/suri-past.epfl.ch\/past\/2006\">2006<\/a>&nbsp;&#8211;&nbsp;<a href=\"http:\/\/suri-past.epfl.ch\/past\/2005\">2005<\/a>&nbsp;&#8211;&nbsp;<a href=\"http:\/\/suri-past.epfl.ch\/past\/2004\">2004<\/a>&nbsp;&#8211;&nbsp;<a href=\"http:\/\/suri-past.epfl.ch\/past\/2003\">2003<\/a>&nbsp;&#8211;&nbsp;<a href=\"http:\/\/suri-past.epfl.ch\/past\/2002\">2002<\/a>&nbsp;&#8211;&nbsp;<a href=\"http:\/\/suri-past.epfl.ch\/past\/2001\">2001<\/a>&nbsp;&#8211;&nbsp;<a href=\"http:\/\/suri-past.epfl.ch\/past\/2000\">2000<\/a><\/p>\n<\/div>\n\n\n\n<p><\/p>\n","protected":false},"excerpt":{"rendered":"<p>EPFL School of Computer and Communication Sciences Summer Research Institute 2025 on Security, Systems, and Formal Methods June 12th and<span class=\"more-dots\">&#8230;<\/span><\/p>\n","protected":false},"author":12,"featured_media":28,"parent":0,"menu_order":0,"comment_status":"closed","ping_status":"closed","template":"page-templates\/no-sidebar-no-title.php","meta":{"footnotes":""},"class_list":["post-1156","page","type-page","status-publish","has-post-thumbnail","hentry","no-post-thumbnail"],"_links":{"self":[{"href":"https:\/\/suri.epfl.ch\/index.php?rest_route=\/wp\/v2\/pages\/1156","targetHints":{"allow":["GET"]}}],"collection":[{"href":"https:\/\/suri.epfl.ch\/index.php?rest_route=\/wp\/v2\/pages"}],"about":[{"href":"https:\/\/suri.epfl.ch\/index.php?rest_route=\/wp\/v2\/types\/page"}],"author":[{"embeddable":true,"href":"https:\/\/suri.epfl.ch\/index.php?rest_route=\/wp\/v2\/users\/12"}],"replies":[{"embeddable":true,"href":"https:\/\/suri.epfl.ch\/index.php?rest_route=%2Fwp%2Fv2%2Fcomments&post=1156"}],"version-history":[{"count":47,"href":"https:\/\/suri.epfl.ch\/index.php?rest_route=\/wp\/v2\/pages\/1156\/revisions"}],"predecessor-version":[{"id":1249,"href":"https:\/\/suri.epfl.ch\/index.php?rest_route=\/wp\/v2\/pages\/1156\/revisions\/1249"}],"wp:featuredmedia":[{"embeddable":true,"href":"https:\/\/suri.epfl.ch\/index.php?rest_route=\/wp\/v2\/media\/28"}],"wp:attachment":[{"href":"https:\/\/suri.epfl.ch\/index.php?rest_route=%2Fwp%2Fv2%2Fmedia&parent=1156"}],"curies":[{"name":"wp","href":"https:\/\/api.w.org\/{rel}","templated":true}]}}